{"id":119,"date":"2024-09-13T09:27:05","date_gmt":"2024-09-13T07:27:05","guid":{"rendered":"https:\/\/poteriesdiplodocus.fr\/?page_id=119"},"modified":"2026-01-27T11:50:38","modified_gmt":"2026-01-27T10:50:38","slug":"ou-me-trouver","status":"publish","type":"page","link":"https:\/\/poteriesdiplodocus.fr\/?page_id=119","title":{"rendered":"O\u00f9 me trouver"},"content":{"rendered":"\n<div class=\"wp-block-columns is-layout-flex wp-container-core-columns-is-layout-28f84493 wp-block-columns-is-layout-flex\">\n<div class=\"wp-block-column is-layout-flow wp-block-column-is-layout-flow\">\n<figure class=\"wp-block-image size-large\"><img loading=\"lazy\" decoding=\"async\" width=\"768\" height=\"1024\" src=\"https:\/\/poteriesdiplodocus.fr\/wp-content\/uploads\/2025\/10\/20250817_085615-768x1024.jpg\" alt=\"\" class=\"wp-image-358\" srcset=\"https:\/\/poteriesdiplodocus.fr\/wp-content\/uploads\/2025\/10\/20250817_085615-768x1024.jpg 768w, https:\/\/poteriesdiplodocus.fr\/wp-content\/uploads\/2025\/10\/20250817_085615-225x300.jpg 225w, https:\/\/poteriesdiplodocus.fr\/wp-content\/uploads\/2025\/10\/20250817_085615-1152x1536.jpg 1152w, https:\/\/poteriesdiplodocus.fr\/wp-content\/uploads\/2025\/10\/20250817_085615-1536x2048.jpg 1536w, https:\/\/poteriesdiplodocus.fr\/wp-content\/uploads\/2025\/10\/20250817_085615-1140x1520.jpg 1140w, https:\/\/poteriesdiplodocus.fr\/wp-content\/uploads\/2025\/10\/20250817_085615-scaled.jpg 1920w\" sizes=\"auto, (max-width: 768px) 100vw, 768px\" \/><figcaption class=\"wp-element-caption\">Mon \u00e9tal sur le march\u00e9 d&#8217;Ouroux<\/figcaption><\/figure>\n<\/div>\n\n\n\n<div class=\"wp-block-column is-layout-flow wp-block-column-is-layout-flow\">\n<figure class=\"wp-block-image size-large\"><img loading=\"lazy\" decoding=\"async\" width=\"768\" height=\"1024\" src=\"https:\/\/poteriesdiplodocus.fr\/wp-content\/uploads\/2024\/10\/IMG_20241026_143856-768x1024.jpg\" alt=\"\" class=\"wp-image-197\" srcset=\"https:\/\/poteriesdiplodocus.fr\/wp-content\/uploads\/2024\/10\/IMG_20241026_143856-768x1024.jpg 768w, https:\/\/poteriesdiplodocus.fr\/wp-content\/uploads\/2024\/10\/IMG_20241026_143856-225x300.jpg 225w, https:\/\/poteriesdiplodocus.fr\/wp-content\/uploads\/2024\/10\/IMG_20241026_143856-1152x1536.jpg 1152w, https:\/\/poteriesdiplodocus.fr\/wp-content\/uploads\/2024\/10\/IMG_20241026_143856-1536x2048.jpg 1536w, https:\/\/poteriesdiplodocus.fr\/wp-content\/uploads\/2024\/10\/IMG_20241026_143856-1140x1520.jpg 1140w, https:\/\/poteriesdiplodocus.fr\/wp-content\/uploads\/2024\/10\/IMG_20241026_143856-scaled.jpg 1920w\" sizes=\"auto, (max-width: 768px) 100vw, 768px\" \/><figcaption class=\"wp-element-caption\">Mon atelier<\/figcaption><\/figure>\n<\/div>\n\n\n\n<div class=\"wp-block-column is-layout-flow wp-block-column-is-layout-flow\">\n<figure class=\"wp-block-image size-large\"><img loading=\"lazy\" decoding=\"async\" width=\"768\" height=\"1024\" src=\"https:\/\/poteriesdiplodocus.fr\/wp-content\/uploads\/2024\/10\/IMG_20241026_144549-768x1024.jpg\" alt=\"\" class=\"wp-image-199\" srcset=\"https:\/\/poteriesdiplodocus.fr\/wp-content\/uploads\/2024\/10\/IMG_20241026_144549-768x1024.jpg 768w, https:\/\/poteriesdiplodocus.fr\/wp-content\/uploads\/2024\/10\/IMG_20241026_144549-225x300.jpg 225w, https:\/\/poteriesdiplodocus.fr\/wp-content\/uploads\/2024\/10\/IMG_20241026_144549-1152x1536.jpg 1152w, https:\/\/poteriesdiplodocus.fr\/wp-content\/uploads\/2024\/10\/IMG_20241026_144549-1536x2048.jpg 1536w, https:\/\/poteriesdiplodocus.fr\/wp-content\/uploads\/2024\/10\/IMG_20241026_144549-1140x1520.jpg 1140w, https:\/\/poteriesdiplodocus.fr\/wp-content\/uploads\/2024\/10\/IMG_20241026_144549-scaled.jpg 1920w\" sizes=\"auto, (max-width: 768px) 100vw, 768px\" \/><figcaption class=\"wp-element-caption\">Coin &#8220;boutique&#8221; dans mon atelier<\/figcaption><\/figure>\n<\/div>\n<\/div>\n\n\n\n<p class=\"has-text-align-center\">Je serai de retour le dimanche sur le march\u00e9 d&#8217;Ouroux en Morvan \u00e0 compter du <strong>8 f\u00e9vrier 2026<\/strong>.<\/p>\n\n\n\n<p class=\"has-text-align-center\">La porte de mon petit atelier-boutique situ\u00e9 au <a href=\"https:\/\/share.google\/zNzZ83lLothe3aNsq\" target=\"_blank\" rel=\"noreferrer noopener\">3 route de la Croix de la Mission \u00e0 Ouroux<\/a> vous est ouverte sur rendez vous (pour me contacter c&#8217;est <a href=\"https:\/\/poteriesdiplodocus.fr\/?page_id=76\">ici<\/a>).<\/p>\n\n\n\n<p>Des pi\u00e8ces sont aussi disponibles \u00e0 la vente \u00e0 l&#8217;<a href=\"https:\/\/www.morvansommetsetgrandslacs.com\/sit\/office-de-tourisme-morvan-sommets-et-grands-lacs-bit-de-montsauche-les-settons\" target=\"_blank\" rel=\"noreferrer noopener\">Office de Tourisme Morvan Sommets et Grands Lacs du Lac des Settons<\/a> et \u00e0 l&#8217;<a href=\"https:\/\/www.morvansommetsetgrandslacs.com\/sit\/office-de-tourisme-morvan-sommets-et-grands-lacs-b-i-t-de-chateau-chinon\" target=\"_blank\" rel=\"noreferrer noopener\">Office de Ch\u00e2teau-Chinon<\/a> et \u00e0 la <a href=\"https:\/\/tourisme.parcdumorvan.org\/sit\/maison-du-tourisme-du-parc-du-morvan\" target=\"_blank\" rel=\"noreferrer noopener\">Maison du tourisme du Parc du Morvan<\/a> \u00e0 Saint-Brisson.<\/p>\n\n\n\n<p><\/p>\n\n\n\n<p><\/p>\n\n\n\n<p><\/p>\n","protected":false},"excerpt":{"rendered":"<p>Je serai de retour le dimanche sur le march\u00e9 d&#8217;Ouroux en Morvan \u00e0 compter du 8 f\u00e9vrier 2026. La porte de mon petit atelier-boutique situ\u00e9 au 3 route de la Croix de la Mission \u00e0 Ouroux vous est ouverte sur rendez vous (pour me contacter c&#8217;est ici). Des pi\u00e8ces sont aussi disponibles \u00e0 la vente \u00e0 l&#8217;Office de Tourisme Morvan Sommets et Grands Lacs du Lac des Settons et \u00e0 l&#8217;Office de Ch\u00e2teau-Chinon et \u00e0 la Maison du tourisme du Parc du Morvan \u00e0 Saint-Brisson.<\/p>\n","protected":false},"author":2,"featured_media":0,"parent":0,"menu_order":0,"comment_status":"closed","ping_status":"closed","template":"","meta":{"footnotes":""},"class_list":["post-119","page","type-page","status-publish","hentry"],"yoast_head":"<!-- This site is optimized with the Yoast SEO plugin v27.4 - https:\/\/yoast.com\/product\/yoast-seo-wordpress\/ -->\n<title>O\u00f9 me trouver -<\/title>\n<meta name=\"robots\" content=\"index, follow, max-snippet:-1, max-image-preview:large, max-video-preview:-1\" \/>\n<link rel=\"canonical\" href=\"https:\/\/poteriesdiplodocus.fr\/?page_id=119\" \/>\n<meta property=\"og:locale\" content=\"en_US\" \/>\n<meta property=\"og:type\" content=\"article\" \/>\n<meta property=\"og:title\" content=\"O\u00f9 me trouver -\" \/>\n<meta property=\"og:description\" content=\"Je serai de retour le dimanche sur le march\u00e9 d&#8217;Ouroux en Morvan \u00e0 compter du 8 f\u00e9vrier 2026. La porte de mon petit atelier-boutique situ\u00e9 au 3 route de la Croix de la Mission \u00e0 Ouroux vous est ouverte sur rendez vous (pour me contacter c&#8217;est ici). Des pi\u00e8ces sont aussi disponibles \u00e0 la vente \u00e0 l&#8217;Office de Tourisme Morvan Sommets et Grands Lacs du Lac des Settons et \u00e0 l&#8217;Office de Ch\u00e2teau-Chinon et \u00e0 la Maison du tourisme du Parc du Morvan \u00e0 Saint-Brisson.\" \/>\n<meta property=\"og:url\" content=\"https:\/\/poteriesdiplodocus.fr\/?page_id=119\" \/>\n<meta property=\"article:modified_time\" content=\"2026-01-27T10:50:38+00:00\" \/>\n<meta property=\"og:image\" content=\"https:\/\/poteriesdiplodocus.fr\/wp-content\/uploads\/2025\/10\/20250817_085615-768x1024.jpg\" \/>\n<meta name=\"twitter:card\" content=\"summary_large_image\" \/>\n<meta name=\"twitter:label1\" content=\"Est. reading time\" \/>\n\t<meta name=\"twitter:data1\" content=\"2 minutes\" \/>\n<script type=\"application\/ld+json\" class=\"yoast-schema-graph\">{\"@context\":\"https:\\\/\\\/schema.org\",\"@graph\":[{\"@type\":\"WebPage\",\"@id\":\"https:\\\/\\\/poteriesdiplodocus.fr\\\/?page_id=119\",\"url\":\"https:\\\/\\\/poteriesdiplodocus.fr\\\/?page_id=119\",\"name\":\"O\u00f9 me trouver -\",\"isPartOf\":{\"@id\":\"https:\\\/\\\/poteriesdiplodocus.fr\\\/#website\"},\"primaryImageOfPage\":{\"@id\":\"https:\\\/\\\/poteriesdiplodocus.fr\\\/?page_id=119#primaryimage\"},\"image\":{\"@id\":\"https:\\\/\\\/poteriesdiplodocus.fr\\\/?page_id=119#primaryimage\"},\"thumbnailUrl\":\"https:\\\/\\\/poteriesdiplodocus.fr\\\/wp-content\\\/uploads\\\/2025\\\/10\\\/20250817_085615-768x1024.jpg\",\"datePublished\":\"2024-09-13T07:27:05+00:00\",\"dateModified\":\"2026-01-27T10:50:38+00:00\",\"breadcrumb\":{\"@id\":\"https:\\\/\\\/poteriesdiplodocus.fr\\\/?page_id=119#breadcrumb\"},\"inLanguage\":\"en-US\",\"potentialAction\":[{\"@type\":\"ReadAction\",\"target\":[\"https:\\\/\\\/poteriesdiplodocus.fr\\\/?page_id=119\"]}]},{\"@type\":\"ImageObject\",\"inLanguage\":\"en-US\",\"@id\":\"https:\\\/\\\/poteriesdiplodocus.fr\\\/?page_id=119#primaryimage\",\"url\":\"https:\\\/\\\/poteriesdiplodocus.fr\\\/wp-content\\\/uploads\\\/2025\\\/10\\\/20250817_085615-scaled.jpg\",\"contentUrl\":\"https:\\\/\\\/poteriesdiplodocus.fr\\\/wp-content\\\/uploads\\\/2025\\\/10\\\/20250817_085615-scaled.jpg\",\"width\":1920,\"height\":2560},{\"@type\":\"BreadcrumbList\",\"@id\":\"https:\\\/\\\/poteriesdiplodocus.fr\\\/?page_id=119#breadcrumb\",\"itemListElement\":[{\"@type\":\"ListItem\",\"position\":1,\"name\":\"Accueil\",\"item\":\"https:\\\/\\\/poteriesdiplodocus.fr\\\/\"},{\"@type\":\"ListItem\",\"position\":2,\"name\":\"O\u00f9 me trouver\"}]},{\"@type\":\"WebSite\",\"@id\":\"https:\\\/\\\/poteriesdiplodocus.fr\\\/#website\",\"url\":\"https:\\\/\\\/poteriesdiplodocus.fr\\\/\",\"name\":\"\",\"description\":\"\",\"potentialAction\":[{\"@type\":\"SearchAction\",\"target\":{\"@type\":\"EntryPoint\",\"urlTemplate\":\"https:\\\/\\\/poteriesdiplodocus.fr\\\/?s={search_term_string}\"},\"query-input\":{\"@type\":\"PropertyValueSpecification\",\"valueRequired\":true,\"valueName\":\"search_term_string\"}}],\"inLanguage\":\"en-US\"}]}<\/script>\n<!-- \/ Yoast SEO plugin. -->","yoast_head_json":{"title":"O\u00f9 me trouver -","robots":{"index":"index","follow":"follow","max-snippet":"max-snippet:-1","max-image-preview":"max-image-preview:large","max-video-preview":"max-video-preview:-1"},"canonical":"https:\/\/poteriesdiplodocus.fr\/?page_id=119","og_locale":"en_US","og_type":"article","og_title":"O\u00f9 me trouver -","og_description":"Je serai de retour le dimanche sur le march\u00e9 d&#8217;Ouroux en Morvan \u00e0 compter du 8 f\u00e9vrier 2026. La porte de mon petit atelier-boutique situ\u00e9 au 3 route de la Croix de la Mission \u00e0 Ouroux vous est ouverte sur rendez vous (pour me contacter c&#8217;est ici). Des pi\u00e8ces sont aussi disponibles \u00e0 la vente \u00e0 l&#8217;Office de Tourisme Morvan Sommets et Grands Lacs du Lac des Settons et \u00e0 l&#8217;Office de Ch\u00e2teau-Chinon et \u00e0 la Maison du tourisme du Parc du Morvan \u00e0 Saint-Brisson.","og_url":"https:\/\/poteriesdiplodocus.fr\/?page_id=119","article_modified_time":"2026-01-27T10:50:38+00:00","og_image":[{"url":"https:\/\/poteriesdiplodocus.fr\/wp-content\/uploads\/2025\/10\/20250817_085615-768x1024.jpg","type":"","width":"","height":""}],"twitter_card":"summary_large_image","twitter_misc":{"Est. reading time":"2 minutes"},"schema":{"@context":"https:\/\/schema.org","@graph":[{"@type":"WebPage","@id":"https:\/\/poteriesdiplodocus.fr\/?page_id=119","url":"https:\/\/poteriesdiplodocus.fr\/?page_id=119","name":"O\u00f9 me trouver -","isPartOf":{"@id":"https:\/\/poteriesdiplodocus.fr\/#website"},"primaryImageOfPage":{"@id":"https:\/\/poteriesdiplodocus.fr\/?page_id=119#primaryimage"},"image":{"@id":"https:\/\/poteriesdiplodocus.fr\/?page_id=119#primaryimage"},"thumbnailUrl":"https:\/\/poteriesdiplodocus.fr\/wp-content\/uploads\/2025\/10\/20250817_085615-768x1024.jpg","datePublished":"2024-09-13T07:27:05+00:00","dateModified":"2026-01-27T10:50:38+00:00","breadcrumb":{"@id":"https:\/\/poteriesdiplodocus.fr\/?page_id=119#breadcrumb"},"inLanguage":"en-US","potentialAction":[{"@type":"ReadAction","target":["https:\/\/poteriesdiplodocus.fr\/?page_id=119"]}]},{"@type":"ImageObject","inLanguage":"en-US","@id":"https:\/\/poteriesdiplodocus.fr\/?page_id=119#primaryimage","url":"https:\/\/poteriesdiplodocus.fr\/wp-content\/uploads\/2025\/10\/20250817_085615-scaled.jpg","contentUrl":"https:\/\/poteriesdiplodocus.fr\/wp-content\/uploads\/2025\/10\/20250817_085615-scaled.jpg","width":1920,"height":2560},{"@type":"BreadcrumbList","@id":"https:\/\/poteriesdiplodocus.fr\/?page_id=119#breadcrumb","itemListElement":[{"@type":"ListItem","position":1,"name":"Accueil","item":"https:\/\/poteriesdiplodocus.fr\/"},{"@type":"ListItem","position":2,"name":"O\u00f9 me trouver"}]},{"@type":"WebSite","@id":"https:\/\/poteriesdiplodocus.fr\/#website","url":"https:\/\/poteriesdiplodocus.fr\/","name":"","description":"","potentialAction":[{"@type":"SearchAction","target":{"@type":"EntryPoint","urlTemplate":"https:\/\/poteriesdiplodocus.fr\/?s={search_term_string}"},"query-input":{"@type":"PropertyValueSpecification","valueRequired":true,"valueName":"search_term_string"}}],"inLanguage":"en-US"}]}},"_links":{"self":[{"href":"https:\/\/poteriesdiplodocus.fr\/index.php?rest_route=\/wp\/v2\/pages\/119","targetHints":{"allow":["GET"]}}],"collection":[{"href":"https:\/\/poteriesdiplodocus.fr\/index.php?rest_route=\/wp\/v2\/pages"}],"about":[{"href":"https:\/\/poteriesdiplodocus.fr\/index.php?rest_route=\/wp\/v2\/types\/page"}],"author":[{"embeddable":true,"href":"https:\/\/poteriesdiplodocus.fr\/index.php?rest_route=\/wp\/v2\/users\/2"}],"replies":[{"embeddable":true,"href":"https:\/\/poteriesdiplodocus.fr\/index.php?rest_route=%2Fwp%2Fv2%2Fcomments&post=119"}],"version-history":[{"count":48,"href":"https:\/\/poteriesdiplodocus.fr\/index.php?rest_route=\/wp\/v2\/pages\/119\/revisions"}],"predecessor-version":[{"id":387,"href":"https:\/\/poteriesdiplodocus.fr\/index.php?rest_route=\/wp\/v2\/pages\/119\/revisions\/387"}],"wp:attachment":[{"href":"https:\/\/poteriesdiplodocus.fr\/index.php?rest_route=%2Fwp%2Fv2%2Fmedia&parent=119"}],"curies":[{"name":"wp","href":"https:\/\/api.w.org\/{rel}","templated":true}]}}