{"id":7,"date":"2024-07-26T17:26:36","date_gmt":"2024-07-26T15:26:36","guid":{"rendered":"http:\/\/poteriesdiplodocus.fr\/?page_id=7"},"modified":"2025-04-25T14:56:20","modified_gmt":"2025-04-25T12:56:20","slug":"vive-lartisanat-et-la-poterie-et-les-dinosaures","status":"publish","type":"page","link":"https:\/\/poteriesdiplodocus.fr\/","title":{"rendered":"A propos"},"content":{"rendered":"<div class=\"wp-block-image\">\n<figure class=\"aligncenter size-full\"><img loading=\"lazy\" decoding=\"async\" width=\"2000\" height=\"1200\" src=\"https:\/\/poteriesdiplodocus.fr\/wp-content\/uploads\/2024\/09\/IMG_20240905_134741_9.jpg\" alt=\"Bols zoomorphe tourn\u00e9s en gr\u00e8s de Moutiers, int\u00e9rieurs et d\u00e9cors incis\u00e9s \u00e9maill\u00e9s en Kudo Matto\" class=\"wp-image-82\" srcset=\"https:\/\/poteriesdiplodocus.fr\/wp-content\/uploads\/2024\/09\/IMG_20240905_134741_9.jpg 2000w, https:\/\/poteriesdiplodocus.fr\/wp-content\/uploads\/2024\/09\/IMG_20240905_134741_9-300x180.jpg 300w, https:\/\/poteriesdiplodocus.fr\/wp-content\/uploads\/2024\/09\/IMG_20240905_134741_9-1024x614.jpg 1024w, https:\/\/poteriesdiplodocus.fr\/wp-content\/uploads\/2024\/09\/IMG_20240905_134741_9-768x461.jpg 768w, https:\/\/poteriesdiplodocus.fr\/wp-content\/uploads\/2024\/09\/IMG_20240905_134741_9-1536x922.jpg 1536w, https:\/\/poteriesdiplodocus.fr\/wp-content\/uploads\/2024\/09\/IMG_20240905_134741_9-1140x684.jpg 1140w\" sizes=\"auto, (max-width: 2000px) 100vw, 2000px\" \/><\/figure>\n<\/div>\n\n\n<div style=\"height:24px\" aria-hidden=\"true\" class=\"wp-block-spacer\"><\/div>\n\n\n\n<h1 class=\"wp-block-heading alignwide has-text-align-center has-text-color has-link-color has-xx-large-font-size wp-elements-c379dbb0c261fcb18bde21aced871f49\" style=\"color:#894616;line-height:1.2\">Des objets utiles et singuliers<\/h1>\n\n\n\n<div class=\"wp-block-columns is-layout-flex wp-container-core-columns-is-layout-28f84493 wp-block-columns-is-layout-flex\">\n<div class=\"wp-block-column is-layout-flow wp-block-column-is-layout-flow\">\n<p>Artisane poti\u00e8re, je tourne et fabrique des pi\u00e8ces en gr\u00e8s de Bourgogne dans mon atelier situ\u00e9 \u00e0 Ouroux-en-Morvan. J\u2019ai pour volont\u00e9 de concevoir des objets utiles et singuliers, avec lesquels on peut appr\u00e9cier le contact direct avec la terre. Mes poteries sont con\u00e7ues pour \u00eatre utilis\u00e9es dans la vie de tous les jours. Tant\u00f4t zoomorphes, tant\u00f4t traditionnelles, elles sont d\u00e9cor\u00e9es avec une palette aux couleurs douces. Je privil\u00e9gie dans mes recettes d\u2019\u00e9maux les oxydes m\u00e9talliques les moins toxiques et les utilise avec parcimonie. L&#8217;un des ingr\u00e9dients majeur de mes \u00e9maux &#8220;faits maison&#8221; est la cendre de mon po\u00eale \u00e0 bois.<\/p>\n<\/div>\n\n\n\n<div class=\"wp-block-column is-layout-flow wp-block-column-is-layout-flow\">\n<p>Je me suis reconvertie \u00e0 la c\u00e9ramique en 2023\/2024, en int\u00e9grant la formation longue de pr\u00e9paration au CAP tournage \u00e0 l\u2019<a href=\"https:\/\/www.cnifop.com\/\" target=\"_blank\" rel=\"noreferrer noopener\">EMA CNIFOP<\/a> de Saint-Amand en Puisaye. J\u2019ai obtenu mon dipl\u00f4me en juillet 2024 et j\u2019ai lanc\u00e9 depuis une petite production artisanale que je vends sur les march\u00e9s locaux et dans mon petit atelier boutique o\u00f9 je re\u00e7ois sur rendez-vous.<\/p>\n\n\n\n<p class=\"has-text-align-right\">Anne T.Raix\ud83e\udd96 <\/p>\n<\/div>\n<\/div>\n\n\n\n<blockquote class=\"wp-block-quote is-layout-flow wp-block-quote-is-layout-flow\">\n<p class=\"has-text-align-center has-text-color has-link-color wp-elements-bb084c9dad3db3c77a2ee09aaa295186\" style=\"color:#894616\">Vive l\u2019artisanat et la poterie (et les dinosaures) !<\/p>\n\n\n\n<p>Si vous souhaitez en savoir plus sur le chemin personnel et professionnel que j&#8217;ai emprunt\u00e9 avant d&#8217;arriver \u00e0 la poterie, je vous invite \u00e0 la lecture de l&#8217;article ci-dessous, accessible en un clic sur l&#8217;image. De la belle plume de Fr\u00e9d\u00e9rique Petit (<a href=\"https:\/\/www.unpetitpaspour.fr\/\" target=\"_blank\" rel=\"noreferrer noopener\">Un Petit Pas Pour<\/a>) il est extrait de sa publication &#8220;Les Chemins Zint\u00e9rieurs&#8221;.<\/p>\n\n\n\n<figure class=\"wp-block-image size-large\"><a href=\"https:\/\/poteriesdiplodocus.fr\/wp-content\/uploads\/2025\/04\/Article-Anne-RAIX-Avril-2025-PDF-Haute-def.pdf\" target=\"_blank\" rel=\" noreferrer noopener\"><img loading=\"lazy\" decoding=\"async\" width=\"724\" height=\"1024\" src=\"https:\/\/poteriesdiplodocus.fr\/wp-content\/uploads\/2025\/04\/page1-724x1024.png\" alt=\"\" class=\"wp-image-269\" srcset=\"https:\/\/poteriesdiplodocus.fr\/wp-content\/uploads\/2025\/04\/page1-724x1024.png 724w, https:\/\/poteriesdiplodocus.fr\/wp-content\/uploads\/2025\/04\/page1-212x300.png 212w, https:\/\/poteriesdiplodocus.fr\/wp-content\/uploads\/2025\/04\/page1-768x1086.png 768w, https:\/\/poteriesdiplodocus.fr\/wp-content\/uploads\/2025\/04\/page1-1086x1536.png 1086w, https:\/\/poteriesdiplodocus.fr\/wp-content\/uploads\/2025\/04\/page1-1448x2048.png 1448w, https:\/\/poteriesdiplodocus.fr\/wp-content\/uploads\/2025\/04\/page1-1140x1612.png 1140w, https:\/\/poteriesdiplodocus.fr\/wp-content\/uploads\/2025\/04\/page1-scaled.png 1810w\" sizes=\"auto, (max-width: 724px) 100vw, 724px\" \/><\/a><\/figure>\n<\/blockquote>\n","protected":false},"excerpt":{"rendered":"<p>Des objets utiles et singuliers Artisane poti\u00e8re, je tourne et fabrique des pi\u00e8ces en gr\u00e8s de Bourgogne dans mon atelier situ\u00e9 \u00e0 Ouroux-en-Morvan. J\u2019ai pour volont\u00e9 de concevoir des objets utiles et singuliers, avec lesquels on peut appr\u00e9cier le contact direct avec la terre. Mes poteries sont con\u00e7ues pour \u00eatre utilis\u00e9es dans la vie de tous les jours. Tant\u00f4t zoomorphes, tant\u00f4t traditionnelles, elles sont d\u00e9cor\u00e9es avec une palette aux couleurs douces. Je privil\u00e9gie dans mes recettes d\u2019\u00e9maux les oxydes m\u00e9talliques les moins toxiques et les utilise avec parcimonie. L&#8217;un des ingr\u00e9dients majeur de mes \u00e9maux &#8220;faits maison&#8221; est la cendre de mon po\u00eale \u00e0 bois. Je me suis reconvertie \u00e0 la c\u00e9ramique en 2023\/2024, en int\u00e9grant la formation longue de pr\u00e9paration au CAP tournage \u00e0 l\u2019EMA CNIFOP de Saint-Amand en Puisaye. J\u2019ai obtenu mon dipl\u00f4me en juillet 2024 et j\u2019ai lanc\u00e9 depuis une petite production artisanale que je vends sur les march\u00e9s locaux et dans mon petit atelier boutique o\u00f9 je re\u00e7ois sur rendez-vous. Anne T.Raix\ud83e\udd96<\/p>\n","protected":false},"author":1,"featured_media":0,"parent":0,"menu_order":0,"comment_status":"closed","ping_status":"closed","template":"","meta":{"footnotes":""},"class_list":["post-7","page","type-page","status-publish","hentry"],"yoast_head":"<!-- This site is optimized with the Yoast SEO plugin v27.3 - https:\/\/yoast.com\/product\/yoast-seo-wordpress\/ -->\n<title>A propos -<\/title>\n<meta name=\"robots\" content=\"index, follow, max-snippet:-1, max-image-preview:large, max-video-preview:-1\" \/>\n<link rel=\"canonical\" href=\"https:\/\/poteriesdiplodocus.fr\/\" \/>\n<meta property=\"og:locale\" content=\"en_US\" \/>\n<meta property=\"og:type\" content=\"article\" \/>\n<meta property=\"og:title\" content=\"A propos -\" \/>\n<meta property=\"og:description\" content=\"Des objets utiles et singuliers Artisane poti\u00e8re, je tourne et fabrique des pi\u00e8ces en gr\u00e8s de Bourgogne dans mon atelier situ\u00e9 \u00e0 Ouroux-en-Morvan. J\u2019ai pour volont\u00e9 de concevoir des objets utiles et singuliers, avec lesquels on peut appr\u00e9cier le contact direct avec la terre. Mes poteries sont con\u00e7ues pour \u00eatre utilis\u00e9es dans la vie de tous les jours. Tant\u00f4t zoomorphes, tant\u00f4t traditionnelles, elles sont d\u00e9cor\u00e9es avec une palette aux couleurs douces. Je privil\u00e9gie dans mes recettes d\u2019\u00e9maux les oxydes m\u00e9talliques les moins toxiques et les utilise avec parcimonie. L&#8217;un des ingr\u00e9dients majeur de mes \u00e9maux &#8220;faits maison&#8221; est la cendre de mon po\u00eale \u00e0 bois. Je me suis reconvertie \u00e0 la c\u00e9ramique en 2023\/2024, en int\u00e9grant la formation longue de pr\u00e9paration au CAP tournage \u00e0 l\u2019EMA CNIFOP de Saint-Amand en Puisaye. J\u2019ai obtenu mon dipl\u00f4me en juillet 2024 et j\u2019ai lanc\u00e9 depuis une petite production artisanale que je vends sur les march\u00e9s locaux et dans mon petit atelier boutique o\u00f9 je re\u00e7ois sur rendez-vous. Anne T.Raix\ud83e\udd96\" \/>\n<meta property=\"og:url\" content=\"https:\/\/poteriesdiplodocus.fr\/\" \/>\n<meta property=\"article:modified_time\" content=\"2025-04-25T12:56:20+00:00\" \/>\n<meta property=\"og:image\" content=\"https:\/\/poteriesdiplodocus.fr\/wp-content\/uploads\/2024\/09\/IMG_20240905_134741_9.jpg\" \/>\n<meta name=\"twitter:card\" content=\"summary_large_image\" \/>\n<meta name=\"twitter:label1\" content=\"Est. reading time\" \/>\n\t<meta name=\"twitter:data1\" content=\"1 minute\" \/>\n<script type=\"application\/ld+json\" class=\"yoast-schema-graph\">{\"@context\":\"https:\\\/\\\/schema.org\",\"@graph\":[{\"@type\":\"WebPage\",\"@id\":\"https:\\\/\\\/poteriesdiplodocus.fr\\\/\",\"url\":\"https:\\\/\\\/poteriesdiplodocus.fr\\\/\",\"name\":\"A propos -\",\"isPartOf\":{\"@id\":\"https:\\\/\\\/poteriesdiplodocus.fr\\\/#website\"},\"primaryImageOfPage\":{\"@id\":\"https:\\\/\\\/poteriesdiplodocus.fr\\\/#primaryimage\"},\"image\":{\"@id\":\"https:\\\/\\\/poteriesdiplodocus.fr\\\/#primaryimage\"},\"thumbnailUrl\":\"https:\\\/\\\/poteriesdiplodocus.fr\\\/wp-content\\\/uploads\\\/2024\\\/09\\\/IMG_20240905_134741_9.jpg\",\"datePublished\":\"2024-07-26T15:26:36+00:00\",\"dateModified\":\"2025-04-25T12:56:20+00:00\",\"breadcrumb\":{\"@id\":\"https:\\\/\\\/poteriesdiplodocus.fr\\\/#breadcrumb\"},\"inLanguage\":\"en-US\",\"potentialAction\":[{\"@type\":\"ReadAction\",\"target\":[\"https:\\\/\\\/poteriesdiplodocus.fr\\\/\"]}]},{\"@type\":\"ImageObject\",\"inLanguage\":\"en-US\",\"@id\":\"https:\\\/\\\/poteriesdiplodocus.fr\\\/#primaryimage\",\"url\":\"https:\\\/\\\/poteriesdiplodocus.fr\\\/wp-content\\\/uploads\\\/2024\\\/09\\\/IMG_20240905_134741_9.jpg\",\"contentUrl\":\"https:\\\/\\\/poteriesdiplodocus.fr\\\/wp-content\\\/uploads\\\/2024\\\/09\\\/IMG_20240905_134741_9.jpg\",\"width\":2000,\"height\":1200},{\"@type\":\"BreadcrumbList\",\"@id\":\"https:\\\/\\\/poteriesdiplodocus.fr\\\/#breadcrumb\",\"itemListElement\":[{\"@type\":\"ListItem\",\"position\":1,\"name\":\"Accueil\",\"item\":\"https:\\\/\\\/poteriesdiplodocus.fr\\\/\"},{\"@type\":\"ListItem\",\"position\":2,\"name\":\"A propos\"}]},{\"@type\":\"WebSite\",\"@id\":\"https:\\\/\\\/poteriesdiplodocus.fr\\\/#website\",\"url\":\"https:\\\/\\\/poteriesdiplodocus.fr\\\/\",\"name\":\"\",\"description\":\"\",\"potentialAction\":[{\"@type\":\"SearchAction\",\"target\":{\"@type\":\"EntryPoint\",\"urlTemplate\":\"https:\\\/\\\/poteriesdiplodocus.fr\\\/?s={search_term_string}\"},\"query-input\":{\"@type\":\"PropertyValueSpecification\",\"valueRequired\":true,\"valueName\":\"search_term_string\"}}],\"inLanguage\":\"en-US\"}]}<\/script>\n<!-- \/ Yoast SEO plugin. -->","yoast_head_json":{"title":"A propos -","robots":{"index":"index","follow":"follow","max-snippet":"max-snippet:-1","max-image-preview":"max-image-preview:large","max-video-preview":"max-video-preview:-1"},"canonical":"https:\/\/poteriesdiplodocus.fr\/","og_locale":"en_US","og_type":"article","og_title":"A propos -","og_description":"Des objets utiles et singuliers Artisane poti\u00e8re, je tourne et fabrique des pi\u00e8ces en gr\u00e8s de Bourgogne dans mon atelier situ\u00e9 \u00e0 Ouroux-en-Morvan. J\u2019ai pour volont\u00e9 de concevoir des objets utiles et singuliers, avec lesquels on peut appr\u00e9cier le contact direct avec la terre. Mes poteries sont con\u00e7ues pour \u00eatre utilis\u00e9es dans la vie de tous les jours. Tant\u00f4t zoomorphes, tant\u00f4t traditionnelles, elles sont d\u00e9cor\u00e9es avec une palette aux couleurs douces. Je privil\u00e9gie dans mes recettes d\u2019\u00e9maux les oxydes m\u00e9talliques les moins toxiques et les utilise avec parcimonie. L&#8217;un des ingr\u00e9dients majeur de mes \u00e9maux &#8220;faits maison&#8221; est la cendre de mon po\u00eale \u00e0 bois. Je me suis reconvertie \u00e0 la c\u00e9ramique en 2023\/2024, en int\u00e9grant la formation longue de pr\u00e9paration au CAP tournage \u00e0 l\u2019EMA CNIFOP de Saint-Amand en Puisaye. J\u2019ai obtenu mon dipl\u00f4me en juillet 2024 et j\u2019ai lanc\u00e9 depuis une petite production artisanale que je vends sur les march\u00e9s locaux et dans mon petit atelier boutique o\u00f9 je re\u00e7ois sur rendez-vous. Anne T.Raix\ud83e\udd96","og_url":"https:\/\/poteriesdiplodocus.fr\/","article_modified_time":"2025-04-25T12:56:20+00:00","og_image":[{"url":"https:\/\/poteriesdiplodocus.fr\/wp-content\/uploads\/2024\/09\/IMG_20240905_134741_9.jpg","type":"","width":"","height":""}],"twitter_card":"summary_large_image","twitter_misc":{"Est. reading time":"1 minute"},"schema":{"@context":"https:\/\/schema.org","@graph":[{"@type":"WebPage","@id":"https:\/\/poteriesdiplodocus.fr\/","url":"https:\/\/poteriesdiplodocus.fr\/","name":"A propos -","isPartOf":{"@id":"https:\/\/poteriesdiplodocus.fr\/#website"},"primaryImageOfPage":{"@id":"https:\/\/poteriesdiplodocus.fr\/#primaryimage"},"image":{"@id":"https:\/\/poteriesdiplodocus.fr\/#primaryimage"},"thumbnailUrl":"https:\/\/poteriesdiplodocus.fr\/wp-content\/uploads\/2024\/09\/IMG_20240905_134741_9.jpg","datePublished":"2024-07-26T15:26:36+00:00","dateModified":"2025-04-25T12:56:20+00:00","breadcrumb":{"@id":"https:\/\/poteriesdiplodocus.fr\/#breadcrumb"},"inLanguage":"en-US","potentialAction":[{"@type":"ReadAction","target":["https:\/\/poteriesdiplodocus.fr\/"]}]},{"@type":"ImageObject","inLanguage":"en-US","@id":"https:\/\/poteriesdiplodocus.fr\/#primaryimage","url":"https:\/\/poteriesdiplodocus.fr\/wp-content\/uploads\/2024\/09\/IMG_20240905_134741_9.jpg","contentUrl":"https:\/\/poteriesdiplodocus.fr\/wp-content\/uploads\/2024\/09\/IMG_20240905_134741_9.jpg","width":2000,"height":1200},{"@type":"BreadcrumbList","@id":"https:\/\/poteriesdiplodocus.fr\/#breadcrumb","itemListElement":[{"@type":"ListItem","position":1,"name":"Accueil","item":"https:\/\/poteriesdiplodocus.fr\/"},{"@type":"ListItem","position":2,"name":"A propos"}]},{"@type":"WebSite","@id":"https:\/\/poteriesdiplodocus.fr\/#website","url":"https:\/\/poteriesdiplodocus.fr\/","name":"","description":"","potentialAction":[{"@type":"SearchAction","target":{"@type":"EntryPoint","urlTemplate":"https:\/\/poteriesdiplodocus.fr\/?s={search_term_string}"},"query-input":{"@type":"PropertyValueSpecification","valueRequired":true,"valueName":"search_term_string"}}],"inLanguage":"en-US"}]}},"_links":{"self":[{"href":"https:\/\/poteriesdiplodocus.fr\/index.php?rest_route=\/wp\/v2\/pages\/7","targetHints":{"allow":["GET"]}}],"collection":[{"href":"https:\/\/poteriesdiplodocus.fr\/index.php?rest_route=\/wp\/v2\/pages"}],"about":[{"href":"https:\/\/poteriesdiplodocus.fr\/index.php?rest_route=\/wp\/v2\/types\/page"}],"author":[{"embeddable":true,"href":"https:\/\/poteriesdiplodocus.fr\/index.php?rest_route=\/wp\/v2\/users\/1"}],"replies":[{"embeddable":true,"href":"https:\/\/poteriesdiplodocus.fr\/index.php?rest_route=%2Fwp%2Fv2%2Fcomments&post=7"}],"version-history":[{"count":31,"href":"https:\/\/poteriesdiplodocus.fr\/index.php?rest_route=\/wp\/v2\/pages\/7\/revisions"}],"predecessor-version":[{"id":273,"href":"https:\/\/poteriesdiplodocus.fr\/index.php?rest_route=\/wp\/v2\/pages\/7\/revisions\/273"}],"wp:attachment":[{"href":"https:\/\/poteriesdiplodocus.fr\/index.php?rest_route=%2Fwp%2Fv2%2Fmedia&parent=7"}],"curies":[{"name":"wp","href":"https:\/\/api.w.org\/{rel}","templated":true}]}}